{"id":23,"date":"2020-03-02T09:56:06","date_gmt":"2020-03-02T09:56:06","guid":{"rendered":"https:\/\/cookcookgo.com\/?page_id=23"},"modified":"2025-10-11T16:46:11","modified_gmt":"2025-10-11T14:46:11","slug":"about-hainis-happy-kitchen","status":"publish","type":"page","link":"https:\/\/cookcookgo.com\/dk\/about-hainis-happy-kitchen\/","title":{"rendered":"OM"},"content":{"rendered":"<div class=\"wp-block-image is-style-default\">\n<figure class=\"aligncenter size-full is-resized\"><img loading=\"lazy\" decoding=\"async\" width=\"1920\" height=\"2560\" src=\"https:\/\/cookcookgo.com\/wp-content\/uploads\/2025\/10\/haini-z-min-scaled.jpg\" alt=\"\" class=\"wp-image-12388\" style=\"aspect-ratio:3\/4;object-fit:cover;width:540px\" srcset=\"https:\/\/cookcookgo.com\/wp-content\/uploads\/2025\/10\/haini-z-min-scaled.jpg 1920w, https:\/\/cookcookgo.com\/wp-content\/uploads\/2025\/10\/haini-z-min-225x300.jpg 225w, https:\/\/cookcookgo.com\/wp-content\/uploads\/2025\/10\/haini-z-min-768x1024.jpg 768w, https:\/\/cookcookgo.com\/wp-content\/uploads\/2025\/10\/haini-z-min-1152x1536.jpg 1152w, https:\/\/cookcookgo.com\/wp-content\/uploads\/2025\/10\/haini-z-min-1536x2048.jpg 1536w, https:\/\/cookcookgo.com\/wp-content\/uploads\/2025\/10\/haini-z-min-9x12.jpg 9w\" sizes=\"auto, (max-width: 1920px) 100vw, 1920px\" \/><\/figure>\n<\/div>\n\n\n<div style=\"height:20px\" aria-hidden=\"true\" class=\"wp-block-spacer\"><\/div>\n\n\n\n<h2 class=\"wp-block-heading\"><strong>Velkommen til COOK COOK GO <\/strong><\/h2>\n\n\n\n<div style=\"height:20px\" aria-hidden=\"true\" class=\"wp-block-spacer\"><\/div>\n\n\n\n<h3 class=\"wp-block-heading\"><strong>En verden af smag, med et hjerte for asiatisk madlavning - gjort enkelt<\/strong><\/h3>\n\n\n\n<div style=\"height:20px\" aria-hidden=\"true\" class=\"wp-block-spacer\"><\/div>\n\n\n\n<p style=\"font-size:18px\">Hej, jeg hedder Haini, og jeg er s\u00e5 glad for, at du fandt vej hertil.<\/p>\n\n\n\n<p style=\"font-size:18px\">Jeg er kokken, forfatteren, redakt\u00f8ren og fotografen bag dette lille hj\u00f8rne af internettet. Jeg vil gerne dele min passion for madlavning med dig! Du finder mange forskellige slags opskrifter her, selvom der ganske vist er fokus p\u00e5 asiatiske retter. Jeg h\u00e5ber, at du snart vil stole nok p\u00e5 mig til at dele dine opskrifter med mig.<\/p>\n\n\n\n<p style=\"font-size:18px\">Da jeg voksede op, var jeg altid at finde i k\u00f8kkenet i mine for\u00e6ldres lejlighed. De insisterede p\u00e5 at bruge ingredienser af h\u00f8jeste kvalitet i deres l\u00e6kre opskrifter fra Guangdong- og Sichuan-provinserne. Jeg l\u00e6rte meget af dem, men forestillede mig ikke, at jeg virkelig kunne have en passion og et talent for madlavning. Mine venner overbeviste mig om at starte en madblog, s\u00e5 hvorfor ikke? Her er jeg!<\/p>\n\n\n\n<p style=\"font-size:18px\">Derudover studerede jeg kampsport - Tae Kwon Do - og jeg inkorporerer mange af disse teknikker i en anden passion. Jeg har danset professionelt siden jeg var helt lille og har v\u00e6ret i freestyle hip-hop dansetrupper i Kina og Danmark. Dans er udtryk - ligesom madlavning. Der er k\u00e6rlighed i kunsten. Dans i k\u00f8kkenet er en af mine gladeste ting! En velsmagende ret bel\u00f8nner indersiden af menneskekroppen, og dans bel\u00f8nner ydersiden! B\u00e5de slappe af og balancere sind og \u00e5nd. Jeg lytter normalt til musik, mens jeg laver mad. Selvf\u00f8lgelig arbejder et par dansetrin ind i opskrifterne!<\/p>\n\n\n\n<p style=\"font-size:18px\">Jeg har et glad k\u00f8kken!<\/p>\n\n\n\n<div style=\"height:20px\" aria-hidden=\"true\" class=\"wp-block-spacer\"><\/div>\n\n\n\n<h2 class=\"wp-block-heading\"><strong>Min Outlook<\/strong><\/h2>\n\n\n<div class=\"wp-block-image\">\n<figure class=\"alignleft size-full is-resized\"><img decoding=\"async\" src=\"https:\/\/cookcookgo.com\/wp-content\/uploads\/2025\/05\/IMG_5071-min.jpg\" alt=\"cook cook go \/ asiatisk madlavning\" class=\"wp-image-12157\" style=\"width:411px\"\/><\/figure>\n<\/div>\n\n\n<p style=\"font-size:18px\">Vi er heldige at leve i denne online-\u00e6ra med global madkultur. Mad har ingen geopolitiske gr\u00e6nser, og det burde den ikke have. Vi b\u00f8r nyde den mangfoldighed af mad, vi nu har til r\u00e5dighed, og den lette adgang til gode opskrifter.<\/p>\n\n\n\n<p style=\"font-size:18px\">For eksempel kan jeg godt lide at forbinde en smag af koreansk dobbeltstegt honningkylling med et strejf af italiensk parmesanost og en middelhavssalat. Disse kombinationer afspejler vores daglige liv. Jeg bor i K\u00f8benhavn og har en amerikansk k\u00e6reste og venner fra mange lande. En af vores faste spiserutiner er at have en kinesisk ret eller to til hovedretterne og slutte af med et stykke amerikansk t\u00e6rte! Jeg kan godt lide fusionskoncepter, selvom retterne kan st\u00e5 alene som \"autentisk dette\" eller \"virkelig det\"!<\/p>\n\n\n\n<p style=\"font-size:18px\">Mit m\u00e5l er at dele madideer med alle, der prioriterer god mad, og med dem, der gerne vil l\u00e6re at lave nemme og l\u00e6kre m\u00e5ltider derhjemme.<\/p>\n\n\n\n<p style=\"font-size:18px\">Jeg er en organiseret person med st\u00e6rke selvl\u00e6ringsevner. S\u00e5dan har jeg l\u00e6rt mig selv at lave mad. Jeg tror p\u00e5 at skrive en klar trin-for-trin procedure suppleret med nyttige billeder og videoer.   <\/p>\n\n\n\n<p style=\"font-size:18px\">Mine opskrifter har meget klare instruktioner, som er nemme at f\u00f8lge og inspirerende p\u00e5 samme tid. Jeg tror p\u00e5 mine opskrifter, mens jeg h\u00e5ber, at du vil lege med ingredienserne og skabe din egen smag.<\/p>\n\n\n\n<p style=\"font-size:18px\">Jeg er ikke ern\u00e6ringsekspert og kan ikke give professionel r\u00e5dgivning om disse forhold. Men jeg fors\u00f8ger at lave de mest sunde og velsmagende opskrifter som muligt.<\/p>\n\n\n\n<p style=\"font-size:18px\">Jeg fokuserer p\u00e5 kinesiske, koreanske og amerikanske retter og tilf\u00f8jer nogle favoritter udviklet af mine venner \u2013 prim\u00e6rt italienske, gr\u00e6ske, danske og andre. Jeg vil udvide mine opskrifter, efterh\u00e5nden som jeg g\u00f8r flere opdagelser. Jeg h\u00e5ber at l\u00e6re sammen med dig!<\/p>\n\n\n\n<div style=\"height:20px\" aria-hidden=\"true\" class=\"wp-block-spacer\"><\/div>\n\n\n\n<h2 class=\"wp-block-heading\"><strong>Bare lidt mere om mig <\/strong><\/h2>\n\n\n\n<div style=\"height:20px\" aria-hidden=\"true\" class=\"wp-block-spacer\"><\/div>\n\n\n<div class=\"wp-block-image is-style-default\">\n<figure data-wp-context=\"{&quot;imageId&quot;:&quot;69ea0248702b4&quot;}\" data-wp-interactive=\"core\/image\" data-wp-key=\"69ea0248702b4\" class=\"aligncenter size-full wp-lightbox-container\"><img loading=\"lazy\" decoding=\"async\" width=\"1920\" height=\"2560\" data-wp-class--hide=\"state.isContentHidden\" data-wp-class--show=\"state.isContentVisible\" data-wp-init=\"callbacks.setButtonStyles\" data-wp-on--click=\"actions.showLightbox\" data-wp-on--load=\"callbacks.setButtonStyles\" data-wp-on-window--resize=\"callbacks.setButtonStyles\" src=\"https:\/\/cookcookgo.com\/wp-content\/uploads\/2025\/10\/hainiccg-scaled.jpg\" alt=\"cookcookgo\" class=\"wp-image-12367\" srcset=\"https:\/\/cookcookgo.com\/wp-content\/uploads\/2025\/10\/hainiccg-scaled.jpg 1920w, https:\/\/cookcookgo.com\/wp-content\/uploads\/2025\/10\/hainiccg-225x300.jpg 225w, https:\/\/cookcookgo.com\/wp-content\/uploads\/2025\/10\/hainiccg-768x1024.jpg 768w, https:\/\/cookcookgo.com\/wp-content\/uploads\/2025\/10\/hainiccg-1152x1536.jpg 1152w\" sizes=\"auto, (max-width: 1920px) 100vw, 1920px\" \/><button\n\t\t\tclass=\"lightbox-trigger\"\n\t\t\ttype=\"button\"\n\t\t\taria-haspopup=\"dialog\"\n\t\t\taria-label=\"Forst\u00f8r\"\n\t\t\tdata-wp-init=\"callbacks.initTriggerButton\"\n\t\t\tdata-wp-on--click=\"actions.showLightbox\"\n\t\t\tdata-wp-style--right=\"state.imageButtonRight\"\n\t\t\tdata-wp-style--top=\"state.imageButtonTop\"\n\t\t>\n\t\t\t<svg xmlns=\"http:\/\/www.w3.org\/2000\/svg\" width=\"12\" height=\"12\" fill=\"none\" viewbox=\"0 0 12 12\">\n\t\t\t\t<path fill=\"#fff\" d=\"M2 0a2 2 0 0 0-2 2v2h1.5V2a.5.5 0 0 1 .5-.5h2V0H2Zm2 10.5H2a.5.5 0 0 1-.5-.5V8H0v2a2 2 0 0 0 2 2h2v-1.5ZM8 12v-1.5h2a.5.5 0 0 0 .5-.5V8H12v2a2 2 0 0 1-2 2H8Zm2-12a2 2 0 0 1 2 2v2h-1.5V2a.5.5 0 0 0-.5-.5H8V0h2Z\" \/>\n\t\t\t<\/svg>\n\t\t<\/button><\/figure>\n<\/div>\n\n\n<div style=\"height:20px\" aria-hidden=\"true\" class=\"wp-block-spacer\"><\/div>\n\n\n\n<p style=\"font-size:18px\">Jeg er fra den st\u00f8rste by i det sydlige Kina - Guangzhou, historisk kendt som Canton og popul\u00e6rt kaldet Blomsterbyen. Det ber\u00f8mte kinesiske k\u00f8kken kaldet Dim-Sum stammer fra Guangzhou.<\/p>\n\n\n\n<p style=\"font-size:18px\">I 2015, efter at have afsluttet min BA-uddannelse i Global Politics and International Relations fra Hong Kong Baptist University, flyttede jeg til K\u00f8benhavn, Danmark. Jeg afsluttede en to-\u00e5rig kandidatuddannelse i engelsk (Statskundskab) p\u00e5 K\u00f8benhavns Universitet. Jeg er glad for at bo i denne smukke by og charmerende kultur.<\/p>\n\n\n\n<p style=\"font-size:18px\">Jeg arbejder i \u00f8jeblikket som Global Marketing Manager i en global MedTech-virksomhed. Jeg har erfaring inden for omr\u00e5derne offentlige og erhvervsm\u00e6ssige anliggender, overs\u00e6ttelse, administration, kundeservice, salg og marketing. Min interesse for markedsf\u00f8ring er gradvist vokset i mig gennem tiden, og det hj\u00e6lper mig ogs\u00e5 med at oprette denne blog. Jeg har altid ment, at madkulturer er vigtige internationale relationer. Dans hj\u00e6lper ogs\u00e5 folk med at kommunikere.<\/p>\n\n\n\n<div class=\"wp-block-group is-nowrap is-layout-flex wp-container-core-group-is-layout-ad2f72ca wp-block-group-is-layout-flex\" style=\"font-size:18px\">\n<p style=\"font-size:18px\">N\u00e5, der g\u00e5r du!<\/p>\n<\/div>\n\n\n\n<p style=\"font-size:18px\">P\u00e5 grund af min arbejdsplan, vil jeg opdatere min blog 1-2 gange om m\u00e5neden (normalt post p\u00e5 s\u00f8ndag) med en ny opskrift! Tilmeld dig mit nyhedsbrev og f\u00f8lg mig p\u00e5 sociale medier. Din st\u00f8tte betyder meget for mig og vil motivere mig til at udvikle og dele sjove opskrifter! Og m\u00e5ske kan vi ogs\u00e5 dele dansemoves?!<\/p>\n\n\n\n<div class=\"wp-block-group is-nowrap is-layout-flex wp-container-core-group-is-layout-ad2f72ca wp-block-group-is-layout-flex\">\n<p style=\"font-size:18px\">Tak til jer alle sammen \ud83d\ude42 .<\/p>\n<\/div>\n\n\n\n<div style=\"height:20px\" aria-hidden=\"true\" class=\"wp-block-spacer\"><\/div>\n\n\n\n<p style=\"font-size:18px\"><strong>Lad os sammen markere begyndelsen p\u00e5 denne f\u00f8devarerejse - 2020-2025! <\/strong><\/p>\n\n\n\n<figure class=\"wp-block-image is-resized\"><img loading=\"lazy\" decoding=\"async\" width=\"97\" height=\"54\" src=\"https:\/\/cookcookgo.com\/wp-content\/uploads\/2020\/03\/signature.png\" alt=\"Hainis glade k\u00f8kken\" class=\"wp-image-123\" style=\"aspect-ratio:4\/3;object-fit:cover;width:81px\"\/><\/figure>\n\n\n\n<div style=\"height:20px\" aria-hidden=\"true\" class=\"wp-block-spacer\"><\/div>\n\n\n\n<div class=\"wp-block-uagb-marketing-button uagb-marketing-btn__align-center uagb-marketing-btn__align-text-center uagb-marketing-btn__icon-after uagb-block-5fb66e31 wp-block-button\"><a href=\"https:\/\/cookcookgo.com\/dk\/recipe-newsletter\/\" class=\"uagb-marketing-btn__link wp-block-button__link\" target=\"\" rel=\"noopener noreferrer\"><span class=\"uagb-marketing-btn__title\">Tilmeld dig mit nyhedsbrev om opskrifter<\/span><svg xmlns=\"https:\/\/www.w3.org\/2000\/svg\" viewbox=\"0 0 512 512\"><path d=\"M384 320c-17.67 0-32 14.33-32 32v96H64V160h96c17.67 0 32-14.32 32-32s-14.33-32-32-32L64 96c-35.35 0-64 28.65-64 64V448c0 35.34 28.65 64 64 64h288c35.35 0 64-28.66 64-64v-96C416 334.3 401.7 320 384 320zM488 0H352c-12.94 0-24.62 7.797-29.56 19.75c-4.969 11.97-2.219 25.72 6.938 34.88L370.8 96L169.4 297.4c-12.5 12.5-12.5 32.75 0 45.25C175.6 348.9 183.8 352 192 352s16.38-3.125 22.62-9.375L416 141.3l41.38 41.38c9.156 9.141 22.88 11.84 34.88 6.938C504.2 184.6 512 172.9 512 160V24C512 10.74 501.3 0 488 0z\"><\/path><\/svg><p class=\"uagb-marketing-btn__prefix\">F\u00e5 de nyeste og gratis opskrifter direkte i din indbakke!<\/p><\/a><\/div>\n\n\n\n<div style=\"height:20px\" aria-hidden=\"true\" class=\"wp-block-spacer\"><\/div>\n\n\n\n<p><\/p>","protected":false},"excerpt":{"rendered":"<p>Welcome to COOK COOK GO A world of flavor, with a heart for Asian cooking &#8211; made simple Hi, I&#8217;m Haini and I am so glad that you found your way here. I am the cook, writer, editor, and photographer behind this little corner of&nbsp;<a class=\"read-more\" href=\"https:\/\/cookcookgo.com\/dk\/about-hainis-happy-kitchen\/\">[read more&#8230;]<\/a><\/p>\n","protected":false},"author":2,"featured_media":0,"parent":0,"menu_order":0,"comment_status":"open","ping_status":"closed","template":"","meta":{"_uag_custom_page_level_css":"","wprm-recipe-roundup-name":"","wprm-recipe-roundup-description":"","_wp_convertkit_post_meta":{"form":"-1","landing_page":"0","tag":"0","restrict_content":"0"},"footnotes":""},"class_list":["post-23","page","type-page","status-publish","hentry"],"yoast_head":"<!-- This site is optimized with the Yoast SEO plugin v27.4 - https:\/\/yoast.com\/product\/yoast-seo-wordpress\/ -->\n<title>About - COOK COOK GO<\/title>\n<meta name=\"description\" content=\"Welcome to COOK COOK GO \u2014 your cozy corner for quick, flavorful recipes with an Asian twist, and a little love from all over the world.\" \/>\n<meta name=\"robots\" content=\"index, follow, max-snippet:-1, max-image-preview:large, max-video-preview:-1\" \/>\n<link rel=\"canonical\" href=\"https:\/\/cookcookgo.com\/dk\/about-hainis-happy-kitchen\/\" \/>\n<meta property=\"og:locale\" content=\"da_DK\" \/>\n<meta property=\"og:type\" content=\"article\" \/>\n<meta property=\"og:title\" content=\"About - COOK COOK GO\" \/>\n<meta property=\"og:description\" content=\"Welcome to COOK COOK GO \u2014 your cozy corner for quick, flavorful recipes with an Asian twist, and a little love from all over the world.\" \/>\n<meta property=\"og:url\" content=\"https:\/\/cookcookgo.com\/dk\/about-hainis-happy-kitchen\/\" \/>\n<meta property=\"og:site_name\" content=\"COOK COOK GO\" \/>\n<meta property=\"article:modified_time\" content=\"2025-10-11T14:46:11+00:00\" \/>\n<meta property=\"og:image\" content=\"https:\/\/cookcookgo.com\/wp-content\/uploads\/2025\/10\/haini-z-min-scaled.jpg\" \/>\n\t<meta property=\"og:image:width\" content=\"1920\" \/>\n\t<meta property=\"og:image:height\" content=\"2560\" \/>\n\t<meta property=\"og:image:type\" content=\"image\/jpeg\" \/>\n<meta name=\"twitter:card\" content=\"summary_large_image\" \/>\n<meta name=\"twitter:label1\" content=\"Estimeret l\u00e6setid\" \/>\n\t<meta name=\"twitter:data1\" content=\"5 minutter\" \/>\n<script type=\"application\/ld+json\" class=\"yoast-schema-graph\">{\"@context\":\"https:\\\/\\\/schema.org\",\"@graph\":[{\"@type\":\"WebPage\",\"@id\":\"https:\\\/\\\/cookcookgo.com\\\/about-hainis-happy-kitchen\\\/\",\"url\":\"https:\\\/\\\/cookcookgo.com\\\/about-hainis-happy-kitchen\\\/\",\"name\":\"About - COOK COOK GO\",\"isPartOf\":{\"@id\":\"https:\\\/\\\/cookcookgo.com\\\/#website\"},\"primaryImageOfPage\":{\"@id\":\"https:\\\/\\\/cookcookgo.com\\\/about-hainis-happy-kitchen\\\/#primaryimage\"},\"image\":{\"@id\":\"https:\\\/\\\/cookcookgo.com\\\/about-hainis-happy-kitchen\\\/#primaryimage\"},\"thumbnailUrl\":\"https:\\\/\\\/cookcookgo.com\\\/wp-content\\\/uploads\\\/2025\\\/10\\\/haini-z-min-scaled.jpg\",\"datePublished\":\"2020-03-02T09:56:06+00:00\",\"dateModified\":\"2025-10-11T14:46:11+00:00\",\"description\":\"Welcome to COOK COOK GO \u2014 your cozy corner for quick, flavorful recipes with an Asian twist, and a little love from all over the world.\",\"breadcrumb\":{\"@id\":\"https:\\\/\\\/cookcookgo.com\\\/about-hainis-happy-kitchen\\\/#breadcrumb\"},\"inLanguage\":\"da-DK\",\"potentialAction\":[{\"@type\":\"ReadAction\",\"target\":[\"https:\\\/\\\/cookcookgo.com\\\/about-hainis-happy-kitchen\\\/\"]}]},{\"@type\":\"ImageObject\",\"inLanguage\":\"da-DK\",\"@id\":\"https:\\\/\\\/cookcookgo.com\\\/about-hainis-happy-kitchen\\\/#primaryimage\",\"url\":\"https:\\\/\\\/cookcookgo.com\\\/wp-content\\\/uploads\\\/2025\\\/10\\\/haini-z-min-scaled.jpg\",\"contentUrl\":\"https:\\\/\\\/cookcookgo.com\\\/wp-content\\\/uploads\\\/2025\\\/10\\\/haini-z-min-scaled.jpg\"},{\"@type\":\"BreadcrumbList\",\"@id\":\"https:\\\/\\\/cookcookgo.com\\\/about-hainis-happy-kitchen\\\/#breadcrumb\",\"itemListElement\":[{\"@type\":\"ListItem\",\"position\":1,\"name\":\"Home\",\"item\":\"https:\\\/\\\/cookcookgo.com\\\/\"},{\"@type\":\"ListItem\",\"position\":2,\"name\":\"About\"}]},{\"@type\":\"WebSite\",\"@id\":\"https:\\\/\\\/cookcookgo.com\\\/#website\",\"url\":\"https:\\\/\\\/cookcookgo.com\\\/\",\"name\":\"Cook Cook Go\",\"description\":\"Spoonfuls of Asia - Ready in Minutes! \",\"publisher\":{\"@id\":\"https:\\\/\\\/cookcookgo.com\\\/#\\\/schema\\\/person\\\/b280ea71d342b9e6a584cf5319050fa2\"},\"potentialAction\":[{\"@type\":\"SearchAction\",\"target\":{\"@type\":\"EntryPoint\",\"urlTemplate\":\"https:\\\/\\\/cookcookgo.com\\\/?s={search_term_string}\"},\"query-input\":{\"@type\":\"PropertyValueSpecification\",\"valueRequired\":true,\"valueName\":\"search_term_string\"}}],\"inLanguage\":\"da-DK\"},{\"@type\":[\"Person\",\"Organization\"],\"@id\":\"https:\\\/\\\/cookcookgo.com\\\/#\\\/schema\\\/person\\\/b280ea71d342b9e6a584cf5319050fa2\",\"name\":\"Haini\",\"image\":{\"@type\":\"ImageObject\",\"inLanguage\":\"da-DK\",\"@id\":\"https:\\\/\\\/secure.gravatar.com\\\/avatar\\\/b806d4bcc62290f63cb2910521e0b0214a4c1719e5f679afdd98c438a71a3bb0?s=96&d=identicon&r=g\",\"url\":\"https:\\\/\\\/secure.gravatar.com\\\/avatar\\\/b806d4bcc62290f63cb2910521e0b0214a4c1719e5f679afdd98c438a71a3bb0?s=96&d=identicon&r=g\",\"contentUrl\":\"https:\\\/\\\/secure.gravatar.com\\\/avatar\\\/b806d4bcc62290f63cb2910521e0b0214a4c1719e5f679afdd98c438a71a3bb0?s=96&d=identicon&r=g\",\"caption\":\"Haini\"},\"logo\":{\"@id\":\"https:\\\/\\\/secure.gravatar.com\\\/avatar\\\/b806d4bcc62290f63cb2910521e0b0214a4c1719e5f679afdd98c438a71a3bb0?s=96&d=identicon&r=g\"},\"sameAs\":[\"https:\\\/\\\/www.cookcookgo.com\",\"https:\\\/\\\/www.instagram.com\\\/hainisblog\\\/\",\"https:\\\/\\\/www.youtube.com\\\/channel\\\/UCNQ9U2qfDOb3l4zbRfRJzDw\"]}]}<\/script>\n<!-- \/ Yoast SEO plugin. -->","yoast_head_json":{"title":"Om - COOK COOK GO","description":"Velkommen til COOK COOK GO - dit hyggelige hj\u00f8rne med hurtige, smagfulde opskrifter med et asiatisk twist og lidt k\u00e6rlighed fra hele verden.","robots":{"index":"index","follow":"follow","max-snippet":"max-snippet:-1","max-image-preview":"max-image-preview:large","max-video-preview":"max-video-preview:-1"},"canonical":"https:\/\/cookcookgo.com\/dk\/about-hainis-happy-kitchen\/","og_locale":"da_DK","og_type":"article","og_title":"About - COOK COOK GO","og_description":"Welcome to COOK COOK GO \u2014 your cozy corner for quick, flavorful recipes with an Asian twist, and a little love from all over the world.","og_url":"https:\/\/cookcookgo.com\/dk\/about-hainis-happy-kitchen\/","og_site_name":"COOK COOK GO","article_modified_time":"2025-10-11T14:46:11+00:00","og_image":[{"width":1920,"height":2560,"url":"https:\/\/cookcookgo.com\/wp-content\/uploads\/2025\/10\/haini-z-min-scaled.jpg","type":"image\/jpeg"}],"twitter_card":"summary_large_image","twitter_misc":{"Estimeret l\u00e6setid":"5 minutter"},"schema":{"@context":"https:\/\/schema.org","@graph":[{"@type":"WebPage","@id":"https:\/\/cookcookgo.com\/about-hainis-happy-kitchen\/","url":"https:\/\/cookcookgo.com\/about-hainis-happy-kitchen\/","name":"Om - COOK COOK GO","isPartOf":{"@id":"https:\/\/cookcookgo.com\/#website"},"primaryImageOfPage":{"@id":"https:\/\/cookcookgo.com\/about-hainis-happy-kitchen\/#primaryimage"},"image":{"@id":"https:\/\/cookcookgo.com\/about-hainis-happy-kitchen\/#primaryimage"},"thumbnailUrl":"https:\/\/cookcookgo.com\/wp-content\/uploads\/2025\/10\/haini-z-min-scaled.jpg","datePublished":"2020-03-02T09:56:06+00:00","dateModified":"2025-10-11T14:46:11+00:00","description":"Velkommen til COOK COOK GO - dit hyggelige hj\u00f8rne med hurtige, smagfulde opskrifter med et asiatisk twist og lidt k\u00e6rlighed fra hele verden.","breadcrumb":{"@id":"https:\/\/cookcookgo.com\/about-hainis-happy-kitchen\/#breadcrumb"},"inLanguage":"da-DK","potentialAction":[{"@type":"ReadAction","target":["https:\/\/cookcookgo.com\/about-hainis-happy-kitchen\/"]}]},{"@type":"ImageObject","inLanguage":"da-DK","@id":"https:\/\/cookcookgo.com\/about-hainis-happy-kitchen\/#primaryimage","url":"https:\/\/cookcookgo.com\/wp-content\/uploads\/2025\/10\/haini-z-min-scaled.jpg","contentUrl":"https:\/\/cookcookgo.com\/wp-content\/uploads\/2025\/10\/haini-z-min-scaled.jpg"},{"@type":"BreadcrumbList","@id":"https:\/\/cookcookgo.com\/about-hainis-happy-kitchen\/#breadcrumb","itemListElement":[{"@type":"ListItem","position":1,"name":"Home","item":"https:\/\/cookcookgo.com\/"},{"@type":"ListItem","position":2,"name":"About"}]},{"@type":"WebSite","@id":"https:\/\/cookcookgo.com\/#website","url":"https:\/\/cookcookgo.com\/","name":"Cook Cook Go","description":"Spoonfuls of Asia - klar p\u00e5 f\u00e5 minutter!","publisher":{"@id":"https:\/\/cookcookgo.com\/#\/schema\/person\/b280ea71d342b9e6a584cf5319050fa2"},"potentialAction":[{"@type":"SearchAction","target":{"@type":"EntryPoint","urlTemplate":"https:\/\/cookcookgo.com\/?s={search_term_string}"},"query-input":{"@type":"PropertyValueSpecification","valueRequired":true,"valueName":"search_term_string"}}],"inLanguage":"da-DK"},{"@type":["Person","Organization"],"@id":"https:\/\/cookcookgo.com\/#\/schema\/person\/b280ea71d342b9e6a584cf5319050fa2","name":"Haini","image":{"@type":"ImageObject","inLanguage":"da-DK","@id":"https:\/\/secure.gravatar.com\/avatar\/b806d4bcc62290f63cb2910521e0b0214a4c1719e5f679afdd98c438a71a3bb0?s=96&d=identicon&r=g","url":"https:\/\/secure.gravatar.com\/avatar\/b806d4bcc62290f63cb2910521e0b0214a4c1719e5f679afdd98c438a71a3bb0?s=96&d=identicon&r=g","contentUrl":"https:\/\/secure.gravatar.com\/avatar\/b806d4bcc62290f63cb2910521e0b0214a4c1719e5f679afdd98c438a71a3bb0?s=96&d=identicon&r=g","caption":"Haini"},"logo":{"@id":"https:\/\/secure.gravatar.com\/avatar\/b806d4bcc62290f63cb2910521e0b0214a4c1719e5f679afdd98c438a71a3bb0?s=96&d=identicon&r=g"},"sameAs":["https:\/\/www.cookcookgo.com","https:\/\/www.instagram.com\/hainisblog\/","https:\/\/www.youtube.com\/channel\/UCNQ9U2qfDOb3l4zbRfRJzDw"]}]}},"uagb_featured_image_src":{"full":false,"thumbnail":false,"medium":false,"medium_large":false,"large":false,"1536x1536":false,"2048x2048":false,"trp-custom-language-flag":false,"shop-page-wp-product":false,"wprm-metadata-1_1":false,"wprm-metadata-4_3":false,"wprm-metadata-16_9":false,"post-thumbnail":false,"kale-slider":false,"kale-thumbnail":false,"kale-index":false,"kale-vertical":false},"uagb_author_info":{"display_name":"Haini","author_link":"https:\/\/cookcookgo.com\/dk\/author\/hainishappykitchen\/"},"uagb_comment_info":25,"uagb_excerpt":"Welcome to COOK COOK GO A world of flavor, with a heart for Asian cooking &#8211; made simple Hi, I&#8217;m Haini and I am so glad that you found your way here. I am the cook, writer, editor, and photographer behind this little corner of&nbsp;[read more...]","_links":{"self":[{"href":"https:\/\/cookcookgo.com\/dk\/wp-json\/wp\/v2\/pages\/23","targetHints":{"allow":["GET"]}}],"collection":[{"href":"https:\/\/cookcookgo.com\/dk\/wp-json\/wp\/v2\/pages"}],"about":[{"href":"https:\/\/cookcookgo.com\/dk\/wp-json\/wp\/v2\/types\/page"}],"author":[{"embeddable":true,"href":"https:\/\/cookcookgo.com\/dk\/wp-json\/wp\/v2\/users\/2"}],"replies":[{"embeddable":true,"href":"https:\/\/cookcookgo.com\/dk\/wp-json\/wp\/v2\/comments?post=23"}],"version-history":[{"count":5,"href":"https:\/\/cookcookgo.com\/dk\/wp-json\/wp\/v2\/pages\/23\/revisions"}],"predecessor-version":[{"id":12391,"href":"https:\/\/cookcookgo.com\/dk\/wp-json\/wp\/v2\/pages\/23\/revisions\/12391"}],"wp:attachment":[{"href":"https:\/\/cookcookgo.com\/dk\/wp-json\/wp\/v2\/media?parent=23"}],"curies":[{"name":"wp","href":"https:\/\/api.w.org\/{rel}","templated":true}]}}