{"id":26,"date":"2020-03-02T09:57:25","date_gmt":"2020-03-02T09:57:25","guid":{"rendered":"https:\/\/cookcookgo.com\/?page_id=26"},"modified":"2026-04-01T23:09:09","modified_gmt":"2026-04-01T21:09:09","slug":"contact","status":"publish","type":"page","link":"https:\/\/cookcookgo.com\/dk\/contact\/","title":{"rendered":"KONTAKT"},"content":{"rendered":"<div style=\"height:20px\" aria-hidden=\"true\" class=\"wp-block-spacer\"><\/div>\n\n\n\n<h1 class=\"wp-block-heading has-text-align-center\">Arbejd sammen med mig<\/h1>\n\n\n\n<div style=\"height:20px\" aria-hidden=\"true\" class=\"wp-block-spacer\"><\/div>\n\n\n\n<p class=\"has-text-align-center has-black-color has-pale-ocean-gradient-background has-text-color has-background has-medium-font-size\">Hvis du gerne vil samarbejde og mener, at dit brand passer godt til mig, <br>Send mig venligst en e-mail p\u00e5: <em>partner@cookcookgo.com<\/em><\/p>\n\n\n\n<div style=\"height:20px\" aria-hidden=\"true\" class=\"wp-block-spacer\"><\/div>\n\n\n\n<p class=\"has-text-align-center has-black-color has-pale-cyan-blue-background-color has-text-color has-background\" style=\"font-size:18px\"><strong>Sponsorerede indl\u00e6g p\u00e5 min Instagram, YouTube og\/eller blog <\/strong><\/p>\n\n\n\n<p class=\"has-text-align-center has-medium-font-size\">Jeg samarbejder med brands, hvis produkter eller tjenester jeg tror p\u00e5, og som passer til min mission og mit brand.<\/p>\n\n\n\n<p class=\"has-text-align-center has-medium-font-size\">*<em>Jeg laver ikke giveaways eller tager imod g\u00e6steindl\u00e6g.<\/em><\/p>\n\n\n\n<div style=\"height:20px\" aria-hidden=\"true\" class=\"wp-block-spacer\"><\/div>\n\n\n\n<p class=\"has-text-align-center has-black-color has-pale-cyan-blue-background-color has-text-color has-background\" style=\"font-size:18px\"><strong>Brand-ambassad\u00f8r<\/strong><\/p>\n\n\n\n<p class=\"has-text-align-center has-medium-font-size\">Hvis dit brand passer godt til mig, kan jeg repr\u00e6sentere dig gennem mine sociale mediekanaler, opskriftsudvikling, indholdskuratering og blogindl\u00e6g i en lang periode. Jeg er klar til et langsigtet partnerskab med de brands, jeg tror p\u00e5. <\/p>\n\n\n\n<div style=\"height:20px\" aria-hidden=\"true\" class=\"wp-block-spacer\"><\/div>\n\n\n\n<p class=\"has-text-align-center has-black-color has-pale-cyan-blue-background-color has-text-color has-background\" style=\"font-size:18px\"><strong>Udvikling af opskrifter<\/strong> \/ <strong>Produktanmeldelse<\/strong><\/p>\n\n\n\n<p class=\"has-text-align-center has-medium-font-size\">Jeg laver skr\u00e6ddersyede opskrifter til brands til brug p\u00e5 hjemmesider, sociale medier og magasiner. Hvis jeg synes, at dine produkter virkelig er gode for min m\u00e5lgruppe, laver jeg ogs\u00e5 produktanmeldelser fra tid til anden.<\/p>\n\n\n\n<div style=\"height:20px\" aria-hidden=\"true\" class=\"wp-block-spacer\"><\/div>\n\n\n\n<div class=\"wp-block-group alignfull\" style=\"padding-top:var(--wp--preset--spacing--30);padding-right:var(--wp--preset--spacing--30);padding-bottom:var(--wp--preset--spacing--30);padding-left:var(--wp--preset--spacing--30)\"><div class=\"wp-block-group__inner-container is-layout-constrained wp-container-core-group-is-layout-97875daf wp-block-group-is-layout-constrained\">\n<hr class=\"wp-block-separator has-alpha-channel-opacity\"\/>\n<\/div><\/div>\n\n\n\n<div style=\"height:20px\" aria-hidden=\"true\" class=\"wp-block-spacer\"><\/div>\n\n\n\n<p><\/p>","protected":false},"excerpt":{"rendered":"<p>Work With Me If you would like to collaborate and think your brand is a good fit for me, please send me an email at: partner@cookcookgo.com Sponsored Posts on my Instagram, YouTube, and\/or Blog I collaborate with brands whose products or services I believe in&nbsp;<a class=\"read-more\" href=\"https:\/\/cookcookgo.com\/dk\/contact\/\">[read more&#8230;]<\/a><\/p>\n","protected":false},"author":2,"featured_media":0,"parent":0,"menu_order":0,"comment_status":"closed","ping_status":"closed","template":"","meta":{"_uag_custom_page_level_css":"","wprm-recipe-roundup-name":"","wprm-recipe-roundup-description":"","_wp_convertkit_post_meta":{"form":"-1","landing_page":"0","tag":"0","restrict_content":"0"},"footnotes":""},"class_list":["post-26","page","type-page","status-publish","hentry"],"yoast_head":"<!-- This site is optimized with the Yoast SEO plugin v27.4 - https:\/\/yoast.com\/product\/yoast-seo-wordpress\/ -->\n<title>Contact - COOK COOK GO<\/title>\n<meta name=\"description\" content=\"Hi there, welcome! This is Haini. Please feel free to contact me brand collaboration! Can&#039;t wait to hear from you!\" \/>\n<meta name=\"robots\" content=\"index, follow, max-snippet:-1, max-image-preview:large, max-video-preview:-1\" \/>\n<link rel=\"canonical\" href=\"https:\/\/cookcookgo.com\/dk\/contact\/\" \/>\n<meta property=\"og:locale\" content=\"da_DK\" \/>\n<meta property=\"og:type\" content=\"article\" \/>\n<meta property=\"og:title\" content=\"Contact - COOK COOK GO\" \/>\n<meta property=\"og:description\" content=\"Hi there, welcome! This is Haini. Please feel free to contact me brand collaboration! Can&#039;t wait to hear from you!\" \/>\n<meta property=\"og:url\" content=\"https:\/\/cookcookgo.com\/dk\/contact\/\" \/>\n<meta property=\"og:site_name\" content=\"COOK COOK GO\" \/>\n<meta property=\"article:modified_time\" content=\"2026-04-01T21:09:09+00:00\" \/>\n<meta name=\"twitter:card\" content=\"summary_large_image\" \/>\n<meta name=\"twitter:label1\" content=\"Estimeret l\u00e6setid\" \/>\n\t<meta name=\"twitter:data1\" content=\"1 minut\" \/>\n<script type=\"application\/ld+json\" class=\"yoast-schema-graph\">{\"@context\":\"https:\\\/\\\/schema.org\",\"@graph\":[{\"@type\":\"WebPage\",\"@id\":\"https:\\\/\\\/cookcookgo.com\\\/contact\\\/\",\"url\":\"https:\\\/\\\/cookcookgo.com\\\/contact\\\/\",\"name\":\"Contact - COOK COOK GO\",\"isPartOf\":{\"@id\":\"https:\\\/\\\/cookcookgo.com\\\/#website\"},\"datePublished\":\"2020-03-02T09:57:25+00:00\",\"dateModified\":\"2026-04-01T21:09:09+00:00\",\"description\":\"Hi there, welcome! This is Haini. Please feel free to contact me brand collaboration! Can't wait to hear from you!\",\"breadcrumb\":{\"@id\":\"https:\\\/\\\/cookcookgo.com\\\/contact\\\/#breadcrumb\"},\"inLanguage\":\"da-DK\",\"potentialAction\":[{\"@type\":\"ReadAction\",\"target\":[\"https:\\\/\\\/cookcookgo.com\\\/contact\\\/\"]}]},{\"@type\":\"BreadcrumbList\",\"@id\":\"https:\\\/\\\/cookcookgo.com\\\/contact\\\/#breadcrumb\",\"itemListElement\":[{\"@type\":\"ListItem\",\"position\":1,\"name\":\"Home\",\"item\":\"https:\\\/\\\/cookcookgo.com\\\/\"},{\"@type\":\"ListItem\",\"position\":2,\"name\":\"Contact\"}]},{\"@type\":\"WebSite\",\"@id\":\"https:\\\/\\\/cookcookgo.com\\\/#website\",\"url\":\"https:\\\/\\\/cookcookgo.com\\\/\",\"name\":\"Cook Cook Go\",\"description\":\"Spoonfuls of Asia - Ready in Minutes! \",\"publisher\":{\"@id\":\"https:\\\/\\\/cookcookgo.com\\\/#\\\/schema\\\/person\\\/b280ea71d342b9e6a584cf5319050fa2\"},\"potentialAction\":[{\"@type\":\"SearchAction\",\"target\":{\"@type\":\"EntryPoint\",\"urlTemplate\":\"https:\\\/\\\/cookcookgo.com\\\/?s={search_term_string}\"},\"query-input\":{\"@type\":\"PropertyValueSpecification\",\"valueRequired\":true,\"valueName\":\"search_term_string\"}}],\"inLanguage\":\"da-DK\"},{\"@type\":[\"Person\",\"Organization\"],\"@id\":\"https:\\\/\\\/cookcookgo.com\\\/#\\\/schema\\\/person\\\/b280ea71d342b9e6a584cf5319050fa2\",\"name\":\"Haini\",\"image\":{\"@type\":\"ImageObject\",\"inLanguage\":\"da-DK\",\"@id\":\"https:\\\/\\\/secure.gravatar.com\\\/avatar\\\/b806d4bcc62290f63cb2910521e0b0214a4c1719e5f679afdd98c438a71a3bb0?s=96&d=identicon&r=g\",\"url\":\"https:\\\/\\\/secure.gravatar.com\\\/avatar\\\/b806d4bcc62290f63cb2910521e0b0214a4c1719e5f679afdd98c438a71a3bb0?s=96&d=identicon&r=g\",\"contentUrl\":\"https:\\\/\\\/secure.gravatar.com\\\/avatar\\\/b806d4bcc62290f63cb2910521e0b0214a4c1719e5f679afdd98c438a71a3bb0?s=96&d=identicon&r=g\",\"caption\":\"Haini\"},\"logo\":{\"@id\":\"https:\\\/\\\/secure.gravatar.com\\\/avatar\\\/b806d4bcc62290f63cb2910521e0b0214a4c1719e5f679afdd98c438a71a3bb0?s=96&d=identicon&r=g\"},\"sameAs\":[\"https:\\\/\\\/www.cookcookgo.com\",\"https:\\\/\\\/www.instagram.com\\\/hainisblog\\\/\",\"https:\\\/\\\/www.youtube.com\\\/channel\\\/UCNQ9U2qfDOb3l4zbRfRJzDw\"]}]}<\/script>\n<!-- \/ Yoast SEO plugin. -->","yoast_head_json":{"title":"Kontakt - COOK COOK GO","description":"Hej og velkommen! Dette er Haini. Du er velkommen til at kontakte mig for et samarbejde om brands! Jeg gl\u00e6der mig til at h\u00f8re fra dig!","robots":{"index":"index","follow":"follow","max-snippet":"max-snippet:-1","max-image-preview":"max-image-preview:large","max-video-preview":"max-video-preview:-1"},"canonical":"https:\/\/cookcookgo.com\/dk\/contact\/","og_locale":"da_DK","og_type":"article","og_title":"Contact - COOK COOK GO","og_description":"Hi there, welcome! This is Haini. Please feel free to contact me brand collaboration! Can't wait to hear from you!","og_url":"https:\/\/cookcookgo.com\/dk\/contact\/","og_site_name":"COOK COOK GO","article_modified_time":"2026-04-01T21:09:09+00:00","twitter_card":"summary_large_image","twitter_misc":{"Estimeret l\u00e6setid":"1 minut"},"schema":{"@context":"https:\/\/schema.org","@graph":[{"@type":"WebPage","@id":"https:\/\/cookcookgo.com\/contact\/","url":"https:\/\/cookcookgo.com\/contact\/","name":"Kontakt - COOK COOK GO","isPartOf":{"@id":"https:\/\/cookcookgo.com\/#website"},"datePublished":"2020-03-02T09:57:25+00:00","dateModified":"2026-04-01T21:09:09+00:00","description":"Hej og velkommen! Dette er Haini. Du er velkommen til at kontakte mig for et samarbejde om brands! Jeg gl\u00e6der mig til at h\u00f8re fra dig!","breadcrumb":{"@id":"https:\/\/cookcookgo.com\/contact\/#breadcrumb"},"inLanguage":"da-DK","potentialAction":[{"@type":"ReadAction","target":["https:\/\/cookcookgo.com\/contact\/"]}]},{"@type":"BreadcrumbList","@id":"https:\/\/cookcookgo.com\/contact\/#breadcrumb","itemListElement":[{"@type":"ListItem","position":1,"name":"Home","item":"https:\/\/cookcookgo.com\/"},{"@type":"ListItem","position":2,"name":"Contact"}]},{"@type":"WebSite","@id":"https:\/\/cookcookgo.com\/#website","url":"https:\/\/cookcookgo.com\/","name":"Cook Cook Go","description":"Spoonfuls of Asia - klar p\u00e5 f\u00e5 minutter!","publisher":{"@id":"https:\/\/cookcookgo.com\/#\/schema\/person\/b280ea71d342b9e6a584cf5319050fa2"},"potentialAction":[{"@type":"SearchAction","target":{"@type":"EntryPoint","urlTemplate":"https:\/\/cookcookgo.com\/?s={search_term_string}"},"query-input":{"@type":"PropertyValueSpecification","valueRequired":true,"valueName":"search_term_string"}}],"inLanguage":"da-DK"},{"@type":["Person","Organization"],"@id":"https:\/\/cookcookgo.com\/#\/schema\/person\/b280ea71d342b9e6a584cf5319050fa2","name":"Haini","image":{"@type":"ImageObject","inLanguage":"da-DK","@id":"https:\/\/secure.gravatar.com\/avatar\/b806d4bcc62290f63cb2910521e0b0214a4c1719e5f679afdd98c438a71a3bb0?s=96&d=identicon&r=g","url":"https:\/\/secure.gravatar.com\/avatar\/b806d4bcc62290f63cb2910521e0b0214a4c1719e5f679afdd98c438a71a3bb0?s=96&d=identicon&r=g","contentUrl":"https:\/\/secure.gravatar.com\/avatar\/b806d4bcc62290f63cb2910521e0b0214a4c1719e5f679afdd98c438a71a3bb0?s=96&d=identicon&r=g","caption":"Haini"},"logo":{"@id":"https:\/\/secure.gravatar.com\/avatar\/b806d4bcc62290f63cb2910521e0b0214a4c1719e5f679afdd98c438a71a3bb0?s=96&d=identicon&r=g"},"sameAs":["https:\/\/www.cookcookgo.com","https:\/\/www.instagram.com\/hainisblog\/","https:\/\/www.youtube.com\/channel\/UCNQ9U2qfDOb3l4zbRfRJzDw"]}]}},"uagb_featured_image_src":{"full":false,"thumbnail":false,"medium":false,"medium_large":false,"large":false,"1536x1536":false,"2048x2048":false,"trp-custom-language-flag":false,"shop-page-wp-product":false,"wprm-metadata-1_1":false,"wprm-metadata-4_3":false,"wprm-metadata-16_9":false,"post-thumbnail":false,"kale-slider":false,"kale-thumbnail":false,"kale-index":false,"kale-vertical":false},"uagb_author_info":{"display_name":"Haini","author_link":"https:\/\/cookcookgo.com\/dk\/author\/hainishappykitchen\/"},"uagb_comment_info":0,"uagb_excerpt":"Work With Me If you would like to collaborate and think your brand is a good fit for me, please send me an email at: partner@cookcookgo.com Sponsored Posts on my Instagram, YouTube, and\/or Blog I collaborate with brands whose products or services I believe in&nbsp;[read more...]","_links":{"self":[{"href":"https:\/\/cookcookgo.com\/dk\/wp-json\/wp\/v2\/pages\/26","targetHints":{"allow":["GET"]}}],"collection":[{"href":"https:\/\/cookcookgo.com\/dk\/wp-json\/wp\/v2\/pages"}],"about":[{"href":"https:\/\/cookcookgo.com\/dk\/wp-json\/wp\/v2\/types\/page"}],"author":[{"embeddable":true,"href":"https:\/\/cookcookgo.com\/dk\/wp-json\/wp\/v2\/users\/2"}],"replies":[{"embeddable":true,"href":"https:\/\/cookcookgo.com\/dk\/wp-json\/wp\/v2\/comments?post=26"}],"version-history":[{"count":5,"href":"https:\/\/cookcookgo.com\/dk\/wp-json\/wp\/v2\/pages\/26\/revisions"}],"predecessor-version":[{"id":12648,"href":"https:\/\/cookcookgo.com\/dk\/wp-json\/wp\/v2\/pages\/26\/revisions\/12648"}],"wp:attachment":[{"href":"https:\/\/cookcookgo.com\/dk\/wp-json\/wp\/v2\/media?parent=26"}],"curies":[{"name":"wp","href":"https:\/\/api.w.org\/{rel}","templated":true}]}}