{"id":6975,"date":"2021-01-22T15:39:32","date_gmt":"2021-01-22T14:39:32","guid":{"rendered":"https:\/\/cookcookgo.com\/?page_id=6975"},"modified":"2024-09-04T15:40:22","modified_gmt":"2024-09-04T13:40:22","slug":"shopping","status":"publish","type":"page","link":"https:\/\/cookcookgo.com\/dk\/shopping\/","title":{"rendered":"Shop mine k\u00f8kkenfavoritter og daglige forn\u00f8denheder"},"content":{"rendered":"<div style=\"height:20px\" aria-hidden=\"true\" class=\"wp-block-spacer\"><\/div>\n\n\n\n<p class=\"has-background\" style=\"background:linear-gradient(135deg,rgba(255,207,215,0.94) 0%,rgba(150,149,240,0.6) 100%)\">Velkommen til min butik! Her er nogle Kitchen Essentials, som jeg elsker mest i mit k\u00f8kken, samt mine daglige n\u00f8dvendigheder. K\u00f8b dem nu p\u00e5 Amazon!<\/p>\n\n\n\n<div style=\"height:20px\" aria-hidden=\"true\" class=\"wp-block-spacer\"><\/div>\n\n\n\n<p class=\"has-very-light-gray-to-cyan-bluish-gray-gradient-background has-background\">Da jeg bor i Danmark, er produkterne listet fra Amazon Tyskland. Dette er mine daglige forn\u00f8denheder, som jeg bestiller regelm\u00e6ssigt.<\/p>\n\n\n\n<div style=\"height:20px\" aria-hidden=\"true\" class=\"wp-block-spacer\"><\/div>\n\n\n        <div class=\"shop-page-wp-grid\">\n\t\t\t            <a target=\"_blank\" href=\"https:\/\/amzn.to\/4sqZE5W\" class=\"shop-page-wp-item spwp-has-link spwp-one-third\" rel=\"nofollow\">\n            <div class=\"shop-page-wp-image\">\n                <img decoding=\"async\" src=\"https:\/\/cookcookgo.com\/wp-content\/uploads\/2024\/09\/organic-jojoba-oil-300x300.jpeg\" alt=\"jojobaolie\"\/>\n            <\/div>\n            <div class=\"shop-page-wp-title\">\n                <h3>100% Organic Jojoba Oil<\/h3>\n            <\/div>\n\t\t\t\t\t\t                <div class=\"shop-page-wp-description\">\n\t\t\t\t\t\t\t\tDenne jojobaolie er fantastisk. Den er 100% \u00f8kologisk, og den er fantastisk til dit h\u00e5r, din hud og din krop. Den fungerer som en fantastisk fugtighedscreme, der \u00f8ger hydreringen. Du kan ogs\u00e5 bruge den som makeupfjerner. Jeg bruger den ogs\u00e5 i ansigtet f\u00f8r GuaSha hver dag.                 <\/div>\n\t\t\t\t\t\t\t\t\t\t\t\t               <div class=\"shop-page-wp-link\">\n                <span class=\"buy-link\">K\u00f8b nu<\/span>               <\/div>\n\t\t\t\t\t\t            <\/a>\t\t\t            <a target=\"_blank\" href=\"https:\/\/amzn.to\/41A8Sln\" class=\"shop-page-wp-item spwp-has-link spwp-one-third\" rel=\"nofollow\">\n            <div class=\"shop-page-wp-image\">\n                <img decoding=\"async\" src=\"https:\/\/cookcookgo.com\/wp-content\/uploads\/2024\/09\/Resistance-bands-300x221.jpeg\" alt=\"Fitness-b\u00e5nd\"\/>\n            <\/div>\n            <div class=\"shop-page-wp-title\">\n                <h3>Fitness\/Resistance Bands<\/h3>\n            <\/div>\n\t\t\t\t\t\t                <div class=\"shop-page-wp-description\">\n\t\t\t\t\t\t\t\tEr du til fitness? Jeg elsker at tr\u00e6ne b\u00e5de i fitnesscenteret og derhjemme. N\u00e5r jeg er hjemme, nyder jeg at tr\u00e6ne med modstandsb\u00e5nd. Jeg har brugt disse b\u00e5nd i n\u00e6sten et \u00e5r nu, og de er stadig i god stand. Jeg bruger dem tre til fire gange om ugen.                 <\/div>\n\t\t\t\t\t\t\t\t\t\t\t\t               <div class=\"shop-page-wp-link\">\n                <span class=\"buy-link\">K\u00f8b nu<\/span>               <\/div>\n\t\t\t\t\t\t            <\/a>\t\t\t            <a target=\"_blank\" href=\"https:\/\/amzn.to\/47JLZPT\" class=\"shop-page-wp-item spwp-has-link spwp-one-third\" rel=\"nofollow\">\n            <div class=\"shop-page-wp-image\">\n                <img decoding=\"async\" src=\"https:\/\/cookcookgo.com\/wp-content\/uploads\/2024\/09\/matcha-tea-set-481x500.jpeg\" alt=\"matcha-te-s\u00e6t\"\/>\n            <\/div>\n            <div class=\"shop-page-wp-title\">\n                <h3>Simple Matcha Tea Set &#8211; Essentials<\/h3>\n            <\/div>\n\t\t\t\t\t\t                <div class=\"shop-page-wp-description\">\n\t\t\t\t\t\t\t\tDette matcha-te-s\u00e6t indeholder alle de ting, du har brug for, hvis du bare vil lave en god kop matcha-te eller matcha-latte derhjemme.                 <\/div>\n\t\t\t\t\t\t\t\t\t\t\t\t               <div class=\"shop-page-wp-link\">\n                <span class=\"buy-link\">K\u00f8b nu<\/span>               <\/div>\n\t\t\t\t\t\t            <\/a>\t\t\t            <a target=\"_blank\" href=\"https:\/\/amzn.to\/47HKuS8\" class=\"shop-page-wp-item spwp-has-link spwp-one-third\" rel=\"nofollow\">\n            <div class=\"shop-page-wp-image\">\n                <img decoding=\"async\" src=\"https:\/\/cookcookgo.com\/wp-content\/uploads\/2024\/07\/coconut-oil--500x500.jpeg\" alt=\"\"\/>\n            <\/div>\n            <div class=\"shop-page-wp-title\">\n                <h3>Organic Coconut Oil<\/h3>\n            <\/div>\n\t\t\t\t\t\t                <div class=\"shop-page-wp-description\">\n\t\t\t\t\t\t\t\tKokosolie kan bruges til madlavning s\u00e5vel som til din hud og krop. Du kan bruge den som alternativ til sm\u00f8r. Jeg bruger det ogs\u00e5 til at tr\u00e6kke olie ud af mine t\u00e6nder.                 <\/div>\n\t\t\t\t\t\t\t\t\t\t\t\t               <div class=\"shop-page-wp-link\">\n                <span class=\"buy-link\">K\u00f8b nu<\/span>               <\/div>\n\t\t\t\t\t\t            <\/a>\t\t\t            <a target=\"_blank\" href=\"https:\/\/amzn.to\/4mf4Qs7\" class=\"shop-page-wp-item spwp-has-link spwp-one-third\" rel=\"nofollow\">\n            <div class=\"shop-page-wp-image\">\n                <img decoding=\"async\" src=\"https:\/\/cookcookgo.com\/wp-content\/uploads\/2024\/06\/Japanese-tea-set-300x300.jpeg\" alt=\"Tes\u00e6t\"\/>\n            <\/div>\n            <div class=\"shop-page-wp-title\">\n                <h3>Matcha Tea Set &#8211; Simpler version<\/h3>\n            <\/div>\n\t\t\t\t\t\t                <div class=\"shop-page-wp-description\">\n\t\t\t\t\t\t\t\tDette er en enklere version af Matcha te-ceremonis\u00e6ttet. Det har ikke tekopperne, men det tjener form\u00e5let med at lave god japansk te derhjemme.                 <\/div>\n\t\t\t\t\t\t\t\t\t\t\t\t               <div class=\"shop-page-wp-link\">\n                <span class=\"buy-link\">K\u00f8b nu<\/span>               <\/div>\n\t\t\t\t\t\t            <\/a>\t\t\t            <a target=\"_blank\" href=\"https:\/\/amzn.to\/4mc5t5m\" class=\"shop-page-wp-item spwp-has-link spwp-one-third\" rel=\"nofollow\">\n            <div class=\"shop-page-wp-image\">\n                <img decoding=\"async\" src=\"https:\/\/cookcookgo.com\/wp-content\/uploads\/2024\/06\/tea-cups-300x300.jpeg\" alt=\"Japanske tekopper\"\/>\n            <\/div>\n            <div class=\"shop-page-wp-title\">\n                <h3>Japanese Ceramic Tea Cup<\/h3>\n            <\/div>\n\t\t\t\t\t\t                <div class=\"shop-page-wp-description\">\n\t\t\t\t\t\t\t\tDisse keramiske tekopper er s\u00e5 s\u00f8de. De er perfekte til din daglige te eller endda kaffe. Du kan ogs\u00e5 bruge dem som dekoration i din stue eller p\u00e5 dit badev\u00e6relse.                 <\/div>\n\t\t\t\t\t\t\t\t\t\t\t\t               <div class=\"shop-page-wp-link\">\n                <span class=\"buy-link\">K\u00f8b nu<\/span>               <\/div>\n\t\t\t\t\t\t            <\/a>\t\t\t            <a target=\"_blank\" href=\"https:\/\/amzn.to\/3NOyPdE\" class=\"shop-page-wp-item spwp-has-link spwp-one-third\" rel=\"nofollow\">\n            <div class=\"shop-page-wp-image\">\n                <img decoding=\"async\" src=\"https:\/\/cookcookgo.com\/wp-content\/uploads\/2021\/01\/Matcha-powder-300x300.jpeg\" alt=\"Matcha-pulver af ceremoniel kvalitet\"\/>\n            <\/div>\n            <div class=\"shop-page-wp-title\">\n                <h3>Matcha Tea Powder &#8211; Ceremonial Grade<\/h3>\n            <\/div>\n\t\t\t\t\t\t                <div class=\"shop-page-wp-description\">\n\t\t\t\t\t\t\t\tDette er min nuv\u00e6rende favorit Ceremonial Grade Matcha Powder. Prisen er rimelig, og kvaliteten af teen er fantastisk. Jeg k\u00f8ber mit Matcha-pulver en gang hver anden m\u00e5ned.                 <\/div>\n\t\t\t\t\t\t\t\t\t\t\t\t               <div class=\"shop-page-wp-link\">\n                <span class=\"buy-link\">K\u00f8b nu<\/span>               <\/div>\n\t\t\t\t\t\t            <\/a>\t\t\t            <a target=\"_blank\" href=\"https:\/\/amzn.to\/4ccQ6oR\" class=\"shop-page-wp-item spwp-has-link spwp-one-third\" rel=\"nofollow\">\n            <div class=\"shop-page-wp-image\">\n                <img decoding=\"async\" src=\"https:\/\/cookcookgo.com\/wp-content\/uploads\/2021\/01\/bamboo-whisk-500x351.jpeg\" alt=\"Bambuspiskeris\"\/>\n            <\/div>\n            <div class=\"shop-page-wp-title\">\n                <h3>Matcha Bamboo Whisk (Chasen)<\/h3>\n            <\/div>\n\t\t\t\t\t\t                <div class=\"shop-page-wp-description\">\n\t\t\t\t\t\t\t\tJeg elsker at bruge dette Matcha Bamboo Piskeris til min daglige Matcha. Kvaliteten er god, og resultatet er fantastisk. Jeg skifter normalt mit Matcha-piskeris hver tredje m\u00e5ned.                 <\/div>\n\t\t\t\t\t\t\t\t\t\t\t\t               <div class=\"shop-page-wp-link\">\n                <span class=\"buy-link\">K\u00f8b nu<\/span>               <\/div>\n\t\t\t\t\t\t            <\/a>\t\t\t            <a target=\"_blank\" href=\"https:\/\/amzn.to\/41chpuz\" class=\"shop-page-wp-item spwp-has-link spwp-one-third\" rel=\"nofollow\">\n            <div class=\"shop-page-wp-image\">\n                <img decoding=\"async\" src=\"https:\/\/cookcookgo.com\/wp-content\/uploads\/2021\/01\/Matcha-Set--300x300.jpeg\" alt=\"Matcha ceremoni-s\u00e6t\"\/>\n            <\/div>\n            <div class=\"shop-page-wp-title\">\n                <h3>Matcha Ceremony Set &#8211; Complete<\/h3>\n            <\/div>\n\t\t\t\t\t\t                <div class=\"shop-page-wp-description\">\n\t\t\t\t\t\t\t\tDette matcha-s\u00e6t indeholder alt, hvad du skal bruge for at nyde matcha-teceremonien derhjemme. Det indeholder bambuspiskeris, bambusspade (chashaku), keramiksk\u00e5l (chawan), piskerisholder, coop-stativ, bomuldsh\u00e5ndkl\u00e6de (chakin), matchapulversi og 2 kopper. Farverne ser ogs\u00e5 smukke ud. V\u00e6lg dit yndlingss\u00e6t.                 <\/div>\n\t\t\t\t\t\t\t\t\t\t\t\t               <div class=\"shop-page-wp-link\">\n                <span class=\"buy-link\">K\u00f8b nu<\/span>               <\/div>\n\t\t\t\t\t\t            <\/a>\t\t\t        <\/div>\n\t\t\n\n\n<div style=\"height:20px\" aria-hidden=\"true\" class=\"wp-block-spacer\"><\/div>\n\n\n\n<div class=\"wp-block-uagb-info-box uagb-block-ba2633a4 uagb-infobox__content-wrap  uagb-infobox-icon-above-title uagb-infobox-image-valign-top\"><div class=\"uagb-ifb-content\"><div class=\"uagb-ifb-icon-wrap\"><svg xmlns=\"https:\/\/www.w3.org\/2000\/svg\" viewbox=\"0 0 576 512\"><path d=\"M96 0C107.5 0 117.4 8.19 119.6 19.51L121.1 32H541.8C562.1 32 578.3 52.25 572.6 72.66L518.6 264.7C514.7 278.5 502.1 288 487.8 288H170.7L179.9 336H488C501.3 336 512 346.7 512 360C512 373.3 501.3 384 488 384H159.1C148.5 384 138.6 375.8 136.4 364.5L76.14 48H24C10.75 48 0 37.25 0 24C0 10.75 10.75 0 24 0H96zM128 464C128 437.5 149.5 416 176 416C202.5 416 224 437.5 224 464C224 490.5 202.5 512 176 512C149.5 512 128 490.5 128 464zM512 464C512 490.5 490.5 512 464 512C437.5 512 416 490.5 416 464C416 437.5 437.5 416 464 416C490.5 416 512 437.5 512 464z\"><\/path><\/svg><\/div><div class=\"uagb-ifb-title-wrap\"><h3 class=\"uagb-ifb-title\">Ansvarsfraskrivelse for affiliate<\/h3><\/div><div class=\"uagb-ifb-separator\"><\/div><p class=\"uagb-ifb-desc\"><em>COOK COOK GO er en deltager i Amazon Services LLC Associates Program, et tilknyttet reklameprogram, der er designet til at give websteder mulighed for at tjene reklamegebyrer ved at annoncere og linke til amazon.com.<\/em><\/p><\/div><\/div>","protected":false},"excerpt":{"rendered":"<p>Welcome to my shop! Here are some Kitchen Essentials that I love the most in my Kitchen as well as my daily essentials. Buy them now on Amazon! As I live in Denmark, the products are listed from Amazon Germany. These are my daily essentials&nbsp;<a class=\"read-more\" href=\"https:\/\/cookcookgo.com\/dk\/shopping\/\">[read more&#8230;]<\/a><\/p>\n","protected":false},"author":2,"featured_media":0,"parent":0,"menu_order":0,"comment_status":"closed","ping_status":"closed","template":"template-full.php","meta":{"_uag_custom_page_level_css":"","wprm-recipe-roundup-name":"","wprm-recipe-roundup-description":"","_wp_convertkit_post_meta":{"form":"-1","landing_page":"0","tag":"0","restrict_content":"0"},"footnotes":""},"class_list":["post-6975","page","type-page","status-publish","hentry"],"yoast_head":"<!-- This site is optimized with the Yoast SEO plugin v27.4 - https:\/\/yoast.com\/product\/yoast-seo-wordpress\/ -->\n<title>Shop My Kitchen Favorites and Daily Essentials - COOK COOK GO<\/title>\n<meta name=\"description\" content=\"Shop my kitchen favourites on amazon!\" \/>\n<meta name=\"robots\" content=\"index, follow, max-snippet:-1, max-image-preview:large, max-video-preview:-1\" \/>\n<link rel=\"canonical\" href=\"https:\/\/cookcookgo.com\/dk\/shopping\/\" \/>\n<meta property=\"og:locale\" content=\"da_DK\" \/>\n<meta property=\"og:type\" content=\"article\" \/>\n<meta property=\"og:title\" content=\"Shop My Kitchen Favorites and Daily Essentials - COOK COOK GO\" \/>\n<meta property=\"og:description\" content=\"Shop my kitchen favourites on amazon!\" \/>\n<meta property=\"og:url\" content=\"https:\/\/cookcookgo.com\/dk\/shopping\/\" \/>\n<meta property=\"og:site_name\" content=\"COOK COOK GO\" \/>\n<meta property=\"article:modified_time\" content=\"2024-09-04T13:40:22+00:00\" \/>\n<meta name=\"twitter:card\" content=\"summary_large_image\" \/>\n<meta name=\"twitter:label1\" content=\"Estimeret l\u00e6setid\" \/>\n\t<meta name=\"twitter:data1\" content=\"1 minut\" \/>\n<script type=\"application\/ld+json\" class=\"yoast-schema-graph\">{\"@context\":\"https:\\\/\\\/schema.org\",\"@graph\":[{\"@type\":\"WebPage\",\"@id\":\"https:\\\/\\\/cookcookgo.com\\\/shopping\\\/\",\"url\":\"https:\\\/\\\/cookcookgo.com\\\/shopping\\\/\",\"name\":\"Shop My Kitchen Favorites and Daily Essentials - COOK COOK GO\",\"isPartOf\":{\"@id\":\"https:\\\/\\\/cookcookgo.com\\\/#website\"},\"datePublished\":\"2021-01-22T14:39:32+00:00\",\"dateModified\":\"2024-09-04T13:40:22+00:00\",\"description\":\"Shop my kitchen favourites on amazon!\",\"breadcrumb\":{\"@id\":\"https:\\\/\\\/cookcookgo.com\\\/shopping\\\/#breadcrumb\"},\"inLanguage\":\"da-DK\",\"potentialAction\":[{\"@type\":\"ReadAction\",\"target\":[\"https:\\\/\\\/cookcookgo.com\\\/shopping\\\/\"]}]},{\"@type\":\"BreadcrumbList\",\"@id\":\"https:\\\/\\\/cookcookgo.com\\\/shopping\\\/#breadcrumb\",\"itemListElement\":[{\"@type\":\"ListItem\",\"position\":1,\"name\":\"Home\",\"item\":\"https:\\\/\\\/cookcookgo.com\\\/\"},{\"@type\":\"ListItem\",\"position\":2,\"name\":\"Shop My Kitchen Favorites and Daily Essentials\"}]},{\"@type\":\"WebSite\",\"@id\":\"https:\\\/\\\/cookcookgo.com\\\/#website\",\"url\":\"https:\\\/\\\/cookcookgo.com\\\/\",\"name\":\"Cook Cook Go\",\"description\":\"Spoonfuls of Asia - Ready in Minutes! \",\"publisher\":{\"@id\":\"https:\\\/\\\/cookcookgo.com\\\/#\\\/schema\\\/person\\\/b280ea71d342b9e6a584cf5319050fa2\"},\"potentialAction\":[{\"@type\":\"SearchAction\",\"target\":{\"@type\":\"EntryPoint\",\"urlTemplate\":\"https:\\\/\\\/cookcookgo.com\\\/?s={search_term_string}\"},\"query-input\":{\"@type\":\"PropertyValueSpecification\",\"valueRequired\":true,\"valueName\":\"search_term_string\"}}],\"inLanguage\":\"da-DK\"},{\"@type\":[\"Person\",\"Organization\"],\"@id\":\"https:\\\/\\\/cookcookgo.com\\\/#\\\/schema\\\/person\\\/b280ea71d342b9e6a584cf5319050fa2\",\"name\":\"Haini\",\"image\":{\"@type\":\"ImageObject\",\"inLanguage\":\"da-DK\",\"@id\":\"https:\\\/\\\/secure.gravatar.com\\\/avatar\\\/b806d4bcc62290f63cb2910521e0b0214a4c1719e5f679afdd98c438a71a3bb0?s=96&d=identicon&r=g\",\"url\":\"https:\\\/\\\/secure.gravatar.com\\\/avatar\\\/b806d4bcc62290f63cb2910521e0b0214a4c1719e5f679afdd98c438a71a3bb0?s=96&d=identicon&r=g\",\"contentUrl\":\"https:\\\/\\\/secure.gravatar.com\\\/avatar\\\/b806d4bcc62290f63cb2910521e0b0214a4c1719e5f679afdd98c438a71a3bb0?s=96&d=identicon&r=g\",\"caption\":\"Haini\"},\"logo\":{\"@id\":\"https:\\\/\\\/secure.gravatar.com\\\/avatar\\\/b806d4bcc62290f63cb2910521e0b0214a4c1719e5f679afdd98c438a71a3bb0?s=96&d=identicon&r=g\"},\"sameAs\":[\"https:\\\/\\\/www.cookcookgo.com\",\"https:\\\/\\\/www.instagram.com\\\/hainisblog\\\/\",\"https:\\\/\\\/www.youtube.com\\\/channel\\\/UCNQ9U2qfDOb3l4zbRfRJzDw\"]}]}<\/script>\n<!-- \/ Yoast SEO plugin. -->","yoast_head_json":{"title":"Shop mine k\u00f8kkenfavoritter og daglige forn\u00f8denheder - COOK COOK GO","description":"Shop mine k\u00f8kkenfavoritter p\u00e5 Amazon!","robots":{"index":"index","follow":"follow","max-snippet":"max-snippet:-1","max-image-preview":"max-image-preview:large","max-video-preview":"max-video-preview:-1"},"canonical":"https:\/\/cookcookgo.com\/dk\/shopping\/","og_locale":"da_DK","og_type":"article","og_title":"Shop My Kitchen Favorites and Daily Essentials - COOK COOK GO","og_description":"Shop my kitchen favourites on amazon!","og_url":"https:\/\/cookcookgo.com\/dk\/shopping\/","og_site_name":"COOK COOK GO","article_modified_time":"2024-09-04T13:40:22+00:00","twitter_card":"summary_large_image","twitter_misc":{"Estimeret l\u00e6setid":"1 minut"},"schema":{"@context":"https:\/\/schema.org","@graph":[{"@type":"WebPage","@id":"https:\/\/cookcookgo.com\/shopping\/","url":"https:\/\/cookcookgo.com\/shopping\/","name":"Shop mine k\u00f8kkenfavoritter og daglige forn\u00f8denheder - COOK COOK GO","isPartOf":{"@id":"https:\/\/cookcookgo.com\/#website"},"datePublished":"2021-01-22T14:39:32+00:00","dateModified":"2024-09-04T13:40:22+00:00","description":"Shop mine k\u00f8kkenfavoritter p\u00e5 Amazon!","breadcrumb":{"@id":"https:\/\/cookcookgo.com\/shopping\/#breadcrumb"},"inLanguage":"da-DK","potentialAction":[{"@type":"ReadAction","target":["https:\/\/cookcookgo.com\/shopping\/"]}]},{"@type":"BreadcrumbList","@id":"https:\/\/cookcookgo.com\/shopping\/#breadcrumb","itemListElement":[{"@type":"ListItem","position":1,"name":"Home","item":"https:\/\/cookcookgo.com\/"},{"@type":"ListItem","position":2,"name":"Shop My Kitchen Favorites and Daily Essentials"}]},{"@type":"WebSite","@id":"https:\/\/cookcookgo.com\/#website","url":"https:\/\/cookcookgo.com\/","name":"Cook Cook Go","description":"Spoonfuls of Asia - klar p\u00e5 f\u00e5 minutter!","publisher":{"@id":"https:\/\/cookcookgo.com\/#\/schema\/person\/b280ea71d342b9e6a584cf5319050fa2"},"potentialAction":[{"@type":"SearchAction","target":{"@type":"EntryPoint","urlTemplate":"https:\/\/cookcookgo.com\/?s={search_term_string}"},"query-input":{"@type":"PropertyValueSpecification","valueRequired":true,"valueName":"search_term_string"}}],"inLanguage":"da-DK"},{"@type":["Person","Organization"],"@id":"https:\/\/cookcookgo.com\/#\/schema\/person\/b280ea71d342b9e6a584cf5319050fa2","name":"Haini","image":{"@type":"ImageObject","inLanguage":"da-DK","@id":"https:\/\/secure.gravatar.com\/avatar\/b806d4bcc62290f63cb2910521e0b0214a4c1719e5f679afdd98c438a71a3bb0?s=96&d=identicon&r=g","url":"https:\/\/secure.gravatar.com\/avatar\/b806d4bcc62290f63cb2910521e0b0214a4c1719e5f679afdd98c438a71a3bb0?s=96&d=identicon&r=g","contentUrl":"https:\/\/secure.gravatar.com\/avatar\/b806d4bcc62290f63cb2910521e0b0214a4c1719e5f679afdd98c438a71a3bb0?s=96&d=identicon&r=g","caption":"Haini"},"logo":{"@id":"https:\/\/secure.gravatar.com\/avatar\/b806d4bcc62290f63cb2910521e0b0214a4c1719e5f679afdd98c438a71a3bb0?s=96&d=identicon&r=g"},"sameAs":["https:\/\/www.cookcookgo.com","https:\/\/www.instagram.com\/hainisblog\/","https:\/\/www.youtube.com\/channel\/UCNQ9U2qfDOb3l4zbRfRJzDw"]}]}},"uagb_featured_image_src":{"full":false,"thumbnail":false,"medium":false,"medium_large":false,"large":false,"1536x1536":false,"2048x2048":false,"trp-custom-language-flag":false,"shop-page-wp-product":false,"wprm-metadata-1_1":false,"wprm-metadata-4_3":false,"wprm-metadata-16_9":false,"post-thumbnail":false,"kale-slider":false,"kale-thumbnail":false,"kale-index":false,"kale-vertical":false},"uagb_author_info":{"display_name":"Haini","author_link":"https:\/\/cookcookgo.com\/dk\/author\/hainishappykitchen\/"},"uagb_comment_info":0,"uagb_excerpt":"Welcome to my shop! Here are some Kitchen Essentials that I love the most in my Kitchen as well as my daily essentials. Buy them now on Amazon! As I live in Denmark, the products are listed from Amazon Germany. These are my daily essentials&nbsp;[read more...]","_links":{"self":[{"href":"https:\/\/cookcookgo.com\/dk\/wp-json\/wp\/v2\/pages\/6975","targetHints":{"allow":["GET"]}}],"collection":[{"href":"https:\/\/cookcookgo.com\/dk\/wp-json\/wp\/v2\/pages"}],"about":[{"href":"https:\/\/cookcookgo.com\/dk\/wp-json\/wp\/v2\/types\/page"}],"author":[{"embeddable":true,"href":"https:\/\/cookcookgo.com\/dk\/wp-json\/wp\/v2\/users\/2"}],"replies":[{"embeddable":true,"href":"https:\/\/cookcookgo.com\/dk\/wp-json\/wp\/v2\/comments?post=6975"}],"version-history":[{"count":5,"href":"https:\/\/cookcookgo.com\/dk\/wp-json\/wp\/v2\/pages\/6975\/revisions"}],"predecessor-version":[{"id":11923,"href":"https:\/\/cookcookgo.com\/dk\/wp-json\/wp\/v2\/pages\/6975\/revisions\/11923"}],"wp:attachment":[{"href":"https:\/\/cookcookgo.com\/dk\/wp-json\/wp\/v2\/media?parent=6975"}],"curies":[{"name":"wp","href":"https:\/\/api.w.org\/{rel}","templated":true}]}}